{"id":2,"date":"2024-10-20T11:42:28","date_gmt":"2024-10-20T09:42:28","guid":{"rendered":"http:\/\/rentabrick.fr\/?page_id=2"},"modified":"2024-11-03T18:52:10","modified_gmt":"2024-11-03T17:52:10","slug":"page-d-exemple","status":"publish","type":"page","link":"https:\/\/rentabrick.fr\/?page_id=2","title":{"rendered":"\u00c0 Propos"},"content":{"rendered":"\n<p>Les <strong>Lego<\/strong>, qu&rsquo;on soit petit ou grand, on ADORE \u00e7a ! Mais cela demande beaucoup de place et un certain budget si l&rsquo;on souhaite construire toutes les bo\u00eetes qui nous font de l&rsquo;oeil&#8230; \u00c9tant moi-m\u00eame une grande passionn\u00e9e, j&rsquo;ai donc d\u00e9cid\u00e9 de proposer un service de location pour permettre \u00e0 tout le monde de pouvoir profiter de ces petites briques color\u00e9es sans se ruiner !<\/p>\n\n\n\n<blockquote class=\"wp-block-quote is-layout-flow wp-block-quote-is-layout-flow\">\n<p>Le concept est simple : vous choisissez une bo\u00eete qui vous pla\u00eet et vous la louez au mois \u00e0 un prix abordable. Le syst\u00e8me de caution est g\u00e9r\u00e9 par l&rsquo;entreprise <strong>Swikly<\/strong> et correspond au prix de la bo\u00eete vendue en magasin. Une fois la location termin\u00e9e et le contenu de la bo\u00eete v\u00e9rifi\u00e9, la caution est lib\u00e9r\u00e9e. Bon \u00e0 savoir : la caution que vous versez n&rsquo;impacte pas votre plafond bancaire !<\/p>\n<\/blockquote>\n\n\n\n<p>Comment fonctionne le syst\u00e8me de caution ? <a href=\"https:\/\/swikly.freshdesk.com\/fr\/support\/solutions\/101000187865\" data-type=\"link\" data-id=\"https:\/\/swikly.freshdesk.com\/fr\/support\/solutions\/101000187865\">En savoir plus sur Swikly<\/a><\/p>\n\n\n\n<blockquote class=\"wp-block-quote is-layout-flow wp-block-quote-is-layout-flow\">\n<p>Pour louer une bo\u00eete, il vous suffit d&rsquo;envoyer un mail \u00e0 l&rsquo;adresse rentabrick.fr@gmail.com en indiquant votre choix, la date \u00e0 laquelle vous souhaitez d\u00e9marrer la location et votre localisation. Rentabrick n&rsquo;est pour le moment disponible qu&rsquo;en IDF et la remise de la bo\u00eete s&rsquo;effectue en main propre. Une fois toutes les modalit\u00e9s r\u00e9gl\u00e9es, il ne vous reste plus qu&rsquo;\u00e0 vous amuser ! \ud83d\ude09<\/p>\n<\/blockquote>\n\n\n\n<p>\u00c0 bient\u00f4t !<\/p>\n\n\n\n<p><strong>Chrystelle<\/strong>, passionn\u00e9e de Lego et fondatrice de Rentabrick<\/p>\n\n\n\n<p><\/p>\n","protected":false},"excerpt":{"rendered":"<p>Les Lego, qu&rsquo;on soit petit ou grand, on ADORE \u00e7a ! Mais cela demande beaucoup de place et un certain budget si l&rsquo;on souhaite construire toutes les bo\u00eetes qui nous font de l&rsquo;oeil&#8230; \u00c9tant moi-m\u00eame une grande passionn\u00e9e, j&rsquo;ai donc d\u00e9cid\u00e9 de proposer un service de location pour permettre \u00e0 tout le monde de pouvoir&hellip;<\/p>\n","protected":false},"author":1,"featured_media":0,"parent":0,"menu_order":0,"comment_status":"closed","ping_status":"open","template":"","meta":{"footnotes":""},"class_list":["post-2","page","type-page","status-publish","hentry"],"_links":{"self":[{"href":"https:\/\/rentabrick.fr\/index.php?rest_route=\/wp\/v2\/pages\/2","targetHints":{"allow":["GET"]}}],"collection":[{"href":"https:\/\/rentabrick.fr\/index.php?rest_route=\/wp\/v2\/pages"}],"about":[{"href":"https:\/\/rentabrick.fr\/index.php?rest_route=\/wp\/v2\/types\/page"}],"author":[{"embeddable":true,"href":"https:\/\/rentabrick.fr\/index.php?rest_route=\/wp\/v2\/users\/1"}],"replies":[{"embeddable":true,"href":"https:\/\/rentabrick.fr\/index.php?rest_route=%2Fwp%2Fv2%2Fcomments&post=2"}],"version-history":[{"count":3,"href":"https:\/\/rentabrick.fr\/index.php?rest_route=\/wp\/v2\/pages\/2\/revisions"}],"predecessor-version":[{"id":28,"href":"https:\/\/rentabrick.fr\/index.php?rest_route=\/wp\/v2\/pages\/2\/revisions\/28"}],"wp:attachment":[{"href":"https:\/\/rentabrick.fr\/index.php?rest_route=%2Fwp%2Fv2%2Fmedia&parent=2"}],"curies":[{"name":"wp","href":"https:\/\/api.w.org\/{rel}","templated":true}]}}